{"id":2,"date":"2025-02-14T14:53:36","date_gmt":"2025-02-14T13:53:36","guid":{"rendered":"http:\/\/poerava-martigues.fr\/?page_id=2"},"modified":"2025-11-10T16:04:31","modified_gmt":"2025-11-10T15:04:31","slug":"page-d-exemple","status":"publish","type":"page","link":"https:\/\/poerava-martigues.fr\/","title":{"rendered":"Notre actualit\u00e9"},"content":{"rendered":"<div id=\"metaslider-id-14\" style=\"width: 100%; margin: 0 auto;\" class=\"ml-slider-3-107-0 metaslider metaslider-flex metaslider-14 ml-slider hide-arrows-smartphone hide-navigation-desktop has-onhover-arrows has-dots-nav ms-theme-simply-dark\" role=\"region\" aria-label=\"Diaporama Hompeage\" data-height=\"700\" data-width=\"1024\">\n    <div id=\"metaslider_container_14\">\n        <div id=\"metaslider_14\">\n            <ul class='slides'>\n                <li style=\"display: block; width: 100%;\" class=\"slide-19 ms-image \" aria-roledescription=\"slide\" data-date=\"2025-02-14 19:37:40\" data-filename=\"SPECTACLE-MARTIGUES-TAHITI-1024x700.jpg\" data-slide-type=\"image\"><img loading=\"lazy\" decoding=\"async\" src=\"https:\/\/poerava-martigues.fr\/wp-content\/uploads\/2025\/03\/SPECTACLE-MARTIGUES-TAHITI-1024x700.jpg\" height=\"700\" width=\"1024\" alt=\"\" class=\"slider-14 slide-19 msDefaultImage\" title=\"SPECTACLE MARTIGUES TAHITI\" \/><div class=\"caption-wrap\"><div class=\"caption\"><div>Martigues - Poe Rava Tahiti<\/div><\/div><\/div><\/li>\n                <li style=\"display: none; width: 100%;\" class=\"slide-20 ms-image \" aria-roledescription=\"slide\" data-date=\"2025-02-14 19:37:41\" data-filename=\"DANSE-TAHITI-MARTIGUES-1024x700.jpg\" data-slide-type=\"image\"><img loading=\"lazy\" decoding=\"async\" src=\"https:\/\/poerava-martigues.fr\/wp-content\/uploads\/2025\/03\/DANSE-TAHITI-MARTIGUES-1024x700.jpg\" height=\"700\" width=\"1024\" alt=\"\" class=\"slider-14 slide-20 msDefaultImage\" title=\"DANSE TAHITI MARTIGUES\" \/><div class=\"caption-wrap\"><div class=\"caption\"><div>Une passion de groupe !<\/div><\/div><\/div><\/li>\n                <li style=\"display: none; width: 100%;\" class=\"slide-21 ms-image \" aria-roledescription=\"slide\" data-date=\"2025-02-14 19:37:41\" data-filename=\"GROUPE-2-TAHITI-MARTIGUES-1024x700.jpg\" data-slide-type=\"image\"><img loading=\"lazy\" decoding=\"async\" src=\"https:\/\/poerava-martigues.fr\/wp-content\/uploads\/2025\/03\/GROUPE-2-TAHITI-MARTIGUES-1024x700.jpg\" height=\"700\" width=\"1024\" alt=\"\" class=\"slider-14 slide-21 msDefaultImage\" title=\"GROUPE TAHITI MARTIGUES\" \/><div class=\"caption-wrap\"><div class=\"caption\"><div>Une activite de groupe !\u00a0<\/div><\/div><\/div><\/li>\n                <li style=\"display: none; width: 100%;\" class=\"slide-22 ms-image \" aria-roledescription=\"slide\" data-date=\"2025-02-14 19:37:41\" data-filename=\"DANSE-TAHITI-1-1024x700.jpg\" data-slide-type=\"image\"><img loading=\"lazy\" decoding=\"async\" src=\"https:\/\/poerava-martigues.fr\/wp-content\/uploads\/2025\/03\/DANSE-TAHITI-1-1024x700.jpg\" height=\"700\" width=\"1024\" alt=\"\" class=\"slider-14 slide-22 msDefaultImage\" title=\"DANSE TAHITI\" \/><\/li>\n                <li style=\"display: none; width: 100%;\" class=\"slide-123 ms-image \" aria-roledescription=\"slide\" data-date=\"2025-04-14 23:11:41\" data-filename=\"TAMURE-TAHITI--1024x700.jpg\" data-slide-type=\"image\"><img loading=\"lazy\" decoding=\"async\" src=\"https:\/\/poerava-martigues.fr\/wp-content\/uploads\/2025\/04\/TAMURE-TAHITI--1024x700.jpg\" height=\"700\" width=\"1024\" alt=\"\" class=\"slider-14 slide-123 msDefaultImage\" title=\"TAMURE TAHITI\" \/><\/li>\n                <li style=\"display: none; width: 100%;\" class=\"slide-124 ms-image \" aria-roledescription=\"slide\" data-date=\"2025-04-14 23:11:41\" data-filename=\"WhatsApp-Image-2025-04-06-at-09.31.50_6761a767-1024x700.jpg\" data-slide-type=\"image\"><img loading=\"lazy\" decoding=\"async\" src=\"https:\/\/poerava-martigues.fr\/wp-content\/uploads\/2025\/04\/WhatsApp-Image-2025-04-06-at-09.31.50_6761a767-1024x700.jpg\" height=\"700\" width=\"1024\" alt=\"\" class=\"slider-14 slide-124 msDefaultImage\" title=\"WhatsApp Image 2025-04-06 at 09.31.50_6761a767\" \/><\/li>\n                <li style=\"display: none; width: 100%;\" class=\"slide-125 ms-image \" aria-roledescription=\"slide\" data-date=\"2025-04-14 23:11:41\" data-filename=\"WhatsApp-Image-2025-04-06-at-09.31.51_c9ce12f9-1024x700.jpg\" data-slide-type=\"image\"><img loading=\"lazy\" decoding=\"async\" src=\"https:\/\/poerava-martigues.fr\/wp-content\/uploads\/2025\/04\/WhatsApp-Image-2025-04-06-at-09.31.51_c9ce12f9-1024x700.jpg\" height=\"700\" width=\"1024\" alt=\"\" class=\"slider-14 slide-125 msDefaultImage\" title=\"WhatsApp Image 2025-04-06 at 09.31.51_c9ce12f9\" \/><\/li>\n                <li style=\"display: none; width: 100%;\" class=\"slide-126 ms-image \" aria-roledescription=\"slide\" data-date=\"2025-04-14 23:11:41\" data-filename=\"WhatsApp-Image-2025-04-06-at-09.33.48_038376b6-1024x700.jpg\" data-slide-type=\"image\"><img loading=\"lazy\" decoding=\"async\" src=\"https:\/\/poerava-martigues.fr\/wp-content\/uploads\/2025\/04\/WhatsApp-Image-2025-04-06-at-09.33.48_038376b6-1024x700.jpg\" height=\"700\" width=\"1024\" alt=\"\" class=\"slider-14 slide-126 msDefaultImage\" title=\"WhatsApp Image 2025-04-06 at 09.33.48_038376b6\" \/><\/li>\n                <li style=\"display: none; width: 100%;\" class=\"slide-127 ms-image \" aria-roledescription=\"slide\" data-date=\"2025-04-14 23:11:41\" data-filename=\"WhatsApp-Image-2025-04-06-at-09.33.49_34589247-1024x700.jpg\" data-slide-type=\"image\"><img loading=\"lazy\" decoding=\"async\" src=\"https:\/\/poerava-martigues.fr\/wp-content\/uploads\/2025\/04\/WhatsApp-Image-2025-04-06-at-09.33.49_34589247-1024x700.jpg\" height=\"700\" width=\"1024\" alt=\"\" class=\"slider-14 slide-127 msDefaultImage\" title=\"WhatsApp Image 2025-04-06 at 09.33.49_34589247\" \/><\/li>\n                <li style=\"display: none; width: 100%;\" class=\"slide-129 ms-image \" aria-roledescription=\"slide\" data-date=\"2025-04-18 15:17:00\" data-filename=\"WhatsApp-Image-2025-04-07-at-03.05.01_c04e9f14-1024x700.jpg\" data-slide-type=\"image\"><img loading=\"lazy\" decoding=\"async\" src=\"https:\/\/poerava-martigues.fr\/wp-content\/uploads\/2025\/04\/WhatsApp-Image-2025-04-07-at-03.05.01_c04e9f14-1024x700.jpg\" height=\"700\" width=\"1024\" alt=\"\" class=\"slider-14 slide-129 msDefaultImage\" title=\"WhatsApp Image 2025-04-07 at 03.05.01_c04e9f14\" \/><\/li>\n                <li style=\"display: none; width: 100%;\" class=\"slide-139 ms-image \" aria-roledescription=\"slide\" data-date=\"2025-07-19 15:21:29\" data-filename=\"WhatsApp-Image-2025-07-16-at-07.49.18_f5b5157e-1024x700.jpg\" data-slide-type=\"image\"><img loading=\"lazy\" decoding=\"async\" src=\"https:\/\/poerava-martigues.fr\/wp-content\/uploads\/2025\/07\/WhatsApp-Image-2025-07-16-at-07.49.18_f5b5157e-1024x700.jpg\" height=\"700\" width=\"1024\" alt=\"\" class=\"slider-14 slide-139 msDefaultImage\" title=\"Photo groupe\" \/><\/li>\n                <li style=\"display: none; width: 100%;\" class=\"slide-140 ms-image \" aria-roledescription=\"slide\" data-date=\"2025-07-19 15:22:19\" data-filename=\"WhatsApp-Image-2025-07-16-at-07.49.18_57fa46f6-1024x700.jpg\" data-slide-type=\"image\"><img loading=\"lazy\" decoding=\"async\" src=\"https:\/\/poerava-martigues.fr\/wp-content\/uploads\/2025\/07\/WhatsApp-Image-2025-07-16-at-07.49.18_57fa46f6-1024x700.jpg\" height=\"700\" width=\"1024\" alt=\"\" class=\"slider-14 slide-140 msDefaultImage\" title=\"Photo groupe danse tahiti\" \/><\/li>\n            <\/ul>\n        <\/div>\n        \n    <\/div>\n<\/div>\n\n\n\n<blockquote class=\"wp-block-quote is-layout-flow wp-block-quote-is-layout-flow\">\n<blockquote class=\"wp-block-quote is-layout-flow wp-block-quote-is-layout-flow\">\n<blockquote class=\"wp-block-quote is-layout-flow wp-block-quote-is-layout-flow\">\n<hr class=\"wp-block-separator has-alpha-channel-opacity\"\/>\n\n\n\n<h2 class=\"wp-block-heading\">TELETHON 2025<\/h2>\n<\/blockquote>\n<\/blockquote>\n<\/blockquote>\n\n\n\n<h2 class=\"wp-block-heading\">TELETHON 2025 ! Venez nombreuses !<\/h2>\n\n\n\n<p>Le Samedi 6 d\u00e9cembre 2025<\/p>\n\n\n\n<p>A la Halle de Parcemin , 13270 Fos-sur-Mer !<\/p>\n\n\n\n<p>Au programme : de la danse, du fun, des sourires\u2026 et surtout une belle dose de solidarit\u00e9 pour le T\u00e9l\u00e9thon ! <\/p>\n\n\n\n<p>Une d\u00e9monstration de danse est pr\u00e9vue \u00e0 15h !<\/p>\n\n\n\n<p>Venez partager un moment qui fait du bien, \u00e0 toi et \u00e0 ceux qui en ont besoin !<\/p>\n\n\n\n<p>Venez nombreuses !<\/p>\n\n\n\n<hr class=\"wp-block-separator has-alpha-channel-opacity\"\/>\n\n\n<div class=\"wp-block-image\">\n<figure class=\"aligncenter size-large\"><img loading=\"lazy\" decoding=\"async\" width=\"724\" height=\"1024\" src=\"https:\/\/poerava-martigues.fr\/wp-content\/uploads\/2025\/03\/AFFICHE-JPEG-724x1024.jpg\" alt=\"\" class=\"wp-image-71\" srcset=\"https:\/\/poerava-martigues.fr\/wp-content\/uploads\/2025\/03\/AFFICHE-JPEG-724x1024.jpg 724w, https:\/\/poerava-martigues.fr\/wp-content\/uploads\/2025\/03\/AFFICHE-JPEG-212x300.jpg 212w, https:\/\/poerava-martigues.fr\/wp-content\/uploads\/2025\/03\/AFFICHE-JPEG-768x1087.jpg 768w, https:\/\/poerava-martigues.fr\/wp-content\/uploads\/2025\/03\/AFFICHE-JPEG-1085x1536.jpg 1085w, https:\/\/poerava-martigues.fr\/wp-content\/uploads\/2025\/03\/AFFICHE-JPEG.jpg 1351w\" sizes=\"auto, (max-width: 724px) 100vw, 724px\" \/><\/figure>\n<\/div>","protected":false},"excerpt":{"rendered":"<p>TELETHON 2025 ! Venez nombreuses ! Le Samedi 6 d\u00e9cembre 2025 A la Halle de Parcemin , 13270 Fos-sur-Mer ! Au programme : de la danse, du fun, des sourires\u2026 et surtout une belle dose de solidarit\u00e9 pour le T\u00e9l\u00e9thon ! Une d\u00e9monstration de danse est pr\u00e9vue \u00e0 15h ! Venez partager un moment qui fait du bien, \u00e0 toi et \u00e0 ceux qui en ont besoin ! Venez nombreuses !<\/p>\n","protected":false},"author":1,"featured_media":0,"parent":0,"menu_order":0,"comment_status":"closed","ping_status":"open","template":"","meta":{"footnotes":""},"class_list":["post-2","page","type-page","status-publish","hentry"],"_links":{"self":[{"href":"https:\/\/poerava-martigues.fr\/index.php?rest_route=\/wp\/v2\/pages\/2","targetHints":{"allow":["GET"]}}],"collection":[{"href":"https:\/\/poerava-martigues.fr\/index.php?rest_route=\/wp\/v2\/pages"}],"about":[{"href":"https:\/\/poerava-martigues.fr\/index.php?rest_route=\/wp\/v2\/types\/page"}],"author":[{"embeddable":true,"href":"https:\/\/poerava-martigues.fr\/index.php?rest_route=\/wp\/v2\/users\/1"}],"replies":[{"embeddable":true,"href":"https:\/\/poerava-martigues.fr\/index.php?rest_route=%2Fwp%2Fv2%2Fcomments&post=2"}],"version-history":[{"count":22,"href":"https:\/\/poerava-martigues.fr\/index.php?rest_route=\/wp\/v2\/pages\/2\/revisions"}],"predecessor-version":[{"id":176,"href":"https:\/\/poerava-martigues.fr\/index.php?rest_route=\/wp\/v2\/pages\/2\/revisions\/176"}],"wp:attachment":[{"href":"https:\/\/poerava-martigues.fr\/index.php?rest_route=%2Fwp%2Fv2%2Fmedia&parent=2"}],"curies":[{"name":"wp","href":"https:\/\/api.w.org\/{rel}","templated":true}]}}