{"id":43,"date":"2025-03-08T20:02:44","date_gmt":"2025-03-08T19:02:44","guid":{"rendered":"https:\/\/poerava-martigues.fr\/?page_id=43"},"modified":"2025-03-08T20:39:35","modified_gmt":"2025-03-08T19:39:35","slug":"danse-polynesienne","status":"publish","type":"page","link":"https:\/\/poerava-martigues.fr\/?page_id=43","title":{"rendered":"Danse Polyn\u00e9sienne"},"content":{"rendered":"\n<p>La danse tahitienne, ou <em>&#8216;ori Tahiti<\/em>, est un art traditionnel riche et vibrant, qui se d\u00e9cline en plusieurs styles principaux, chacun ayant son propre rythme, mouvement et signification. Parmi eux, le <strong>\u02bb\u014dte\u02bba<\/strong> est le plus spectaculaire et dynamique. Il est souvent interpr\u00e9t\u00e9 en groupe, avec des mouvements rapides des hanches pour les femmes et des pas \u00e9nergiques pour les hommes. Accompagn\u00e9e de percussions rythm\u00e9es comme le <em>to\u02bbere<\/em> et le <em>fa\u02bbatete<\/em>, cette danse \u00e9tait autrefois utilis\u00e9e pour raconter des histoires de guerre ou de nature.<\/p>\n\n\n\n<p>Un autre style important est l&#8217;<strong>\u02bbaparima<\/strong>, qui se divise en deux cat\u00e9gories : <em>\u02bbaparima vava<\/em> (dans\u00e9e en silence, avec des gestes expressifs) et <em>\u02bbaparima himene<\/em> (accompagn\u00e9e de chants). Cette danse, plus douce et gracieuse, met en avant la gestuelle des mains pour raconter des histoires et exprimer des \u00e9motions. Enfin, le <strong>pa\u02bboti<\/strong> est un mouvement caract\u00e9ristique souvent utilis\u00e9 par les danseurs masculins, impliquant des flexions rapides des jambes, tandis que le <strong>hivinau<\/strong> est une danse collective en cercle, rythm\u00e9e par des chants et des battements de tambour. Chacune de ces danses refl\u00e8te l\u2019\u00e2me de la culture tahitienne, m\u00ealant tradition, narration et passion.<\/p>\n\n\n<div class=\"wp-block-image\">\n<figure class=\"aligncenter size-full is-resized\"><img loading=\"lazy\" decoding=\"async\" width=\"626\" height=\"626\" src=\"https:\/\/poerava-martigues.fr\/wp-content\/uploads\/2025\/03\/belle-fille-costume-hawaien-danse-hula_69317-163-1.avif\" alt=\"\" class=\"wp-image-66\" style=\"width:391px;height:auto\"\/><\/figure>\n<\/div>","protected":false},"excerpt":{"rendered":"<p>La danse tahitienne, ou &#8216;ori Tahiti, est un art traditionnel riche et vibrant, qui se d\u00e9cline en plusieurs styles principaux, chacun ayant son propre rythme, mouvement et signification. Parmi eux, le \u02bb\u014dte\u02bba est le plus spectaculaire et dynamique. Il est souvent interpr\u00e9t\u00e9 en groupe, avec des mouvements rapides des hanches pour les femmes et des pas \u00e9nergiques pour les hommes. Accompagn\u00e9e de percussions rythm\u00e9es comme le to\u02bbere et le fa\u02bbatete, cette danse \u00e9tait autrefois utilis\u00e9e pour raconter des histoires de guerre ou de nature. Un autre style important est l&#8217;\u02bbaparima, qui se divise en deux cat\u00e9gories : \u02bbaparima vava (dans\u00e9e en silence, avec des gestes expressifs) et \u02bbaparima himene (accompagn\u00e9e de chants). Cette danse, plus douce et gracieuse, met en avant la gestuelle des mains pour raconter des histoires et exprimer des \u00e9motions. Enfin, le pa\u02bboti est un mouvement caract\u00e9ristique souvent utilis\u00e9 par les danseurs masculins, impliquant des flexions rapides des jambes, tandis que le hivinau est une danse collective en cercle, rythm\u00e9e par des chants et des battements de tambour. Chacune de ces danses refl\u00e8te l\u2019\u00e2me de la culture tahitienne, m\u00ealant tradition, narration et passion.<\/p>\n","protected":false},"author":1,"featured_media":0,"parent":0,"menu_order":0,"comment_status":"closed","ping_status":"closed","template":"","meta":{"footnotes":""},"class_list":["post-43","page","type-page","status-publish","hentry"],"_links":{"self":[{"href":"https:\/\/poerava-martigues.fr\/index.php?rest_route=\/wp\/v2\/pages\/43","targetHints":{"allow":["GET"]}}],"collection":[{"href":"https:\/\/poerava-martigues.fr\/index.php?rest_route=\/wp\/v2\/pages"}],"about":[{"href":"https:\/\/poerava-martigues.fr\/index.php?rest_route=\/wp\/v2\/types\/page"}],"author":[{"embeddable":true,"href":"https:\/\/poerava-martigues.fr\/index.php?rest_route=\/wp\/v2\/users\/1"}],"replies":[{"embeddable":true,"href":"https:\/\/poerava-martigues.fr\/index.php?rest_route=%2Fwp%2Fv2%2Fcomments&post=43"}],"version-history":[{"count":2,"href":"https:\/\/poerava-martigues.fr\/index.php?rest_route=\/wp\/v2\/pages\/43\/revisions"}],"predecessor-version":[{"id":67,"href":"https:\/\/poerava-martigues.fr\/index.php?rest_route=\/wp\/v2\/pages\/43\/revisions\/67"}],"wp:attachment":[{"href":"https:\/\/poerava-martigues.fr\/index.php?rest_route=%2Fwp%2Fv2%2Fmedia&parent=43"}],"curies":[{"name":"wp","href":"https:\/\/api.w.org\/{rel}","templated":true}]}}