{"id":62,"date":"2025-03-08T20:30:07","date_gmt":"2025-03-08T19:30:07","guid":{"rendered":"https:\/\/poerava-martigues.fr\/?page_id=62"},"modified":"2025-03-08T20:40:01","modified_gmt":"2025-03-08T19:40:01","slug":"ateliers-et-stages","status":"publish","type":"page","link":"https:\/\/poerava-martigues.fr\/?page_id=62","title":{"rendered":"Ateliers et Stages"},"content":{"rendered":"\n<p>Plongez au c\u0153ur de la culture polyn\u00e9sienne avec notre association de danse tahitienne ! Nous vous invitons \u00e0 d\u00e9couvrir l\u2019\u00e9nergie et la gr\u00e2ce du \u2018Ori Tahiti \u00e0 travers des cours passionnants, accessibles \u00e0 tous les niveaux. Que vous souhaitiez apprendre les bases, perfectionner votre technique ou simplement vibrer au rythme des percussions, notre association vous accompagne dans cette aventure culturelle unique. Rejoignez nous et laissez-vous transporter par la magie des \u00eeles !<\/p>\n\n\n\n\n\n<p><\/p>\n","protected":false},"excerpt":{"rendered":"<p>Plongez au c\u0153ur de la culture polyn\u00e9sienne avec notre association de danse tahitienne ! Nous vous invitons \u00e0 d\u00e9couvrir l\u2019\u00e9nergie et la gr\u00e2ce du \u2018Ori Tahiti \u00e0 travers des cours passionnants, accessibles \u00e0 tous les niveaux. Que vous souhaitiez apprendre les bases, perfectionner votre technique ou simplement vibrer au rythme des percussions, notre association vous accompagne dans cette aventure culturelle unique. Rejoignez nous et laissez-vous transporter par la magie des \u00eeles !<\/p>\n","protected":false},"author":1,"featured_media":0,"parent":0,"menu_order":0,"comment_status":"closed","ping_status":"closed","template":"","meta":{"footnotes":""},"class_list":["post-62","page","type-page","status-publish","hentry"],"_links":{"self":[{"href":"https:\/\/poerava-martigues.fr\/index.php?rest_route=\/wp\/v2\/pages\/62","targetHints":{"allow":["GET"]}}],"collection":[{"href":"https:\/\/poerava-martigues.fr\/index.php?rest_route=\/wp\/v2\/pages"}],"about":[{"href":"https:\/\/poerava-martigues.fr\/index.php?rest_route=\/wp\/v2\/types\/page"}],"author":[{"embeddable":true,"href":"https:\/\/poerava-martigues.fr\/index.php?rest_route=\/wp\/v2\/users\/1"}],"replies":[{"embeddable":true,"href":"https:\/\/poerava-martigues.fr\/index.php?rest_route=%2Fwp%2Fv2%2Fcomments&post=62"}],"version-history":[{"count":4,"href":"https:\/\/poerava-martigues.fr\/index.php?rest_route=\/wp\/v2\/pages\/62\/revisions"}],"predecessor-version":[{"id":68,"href":"https:\/\/poerava-martigues.fr\/index.php?rest_route=\/wp\/v2\/pages\/62\/revisions\/68"}],"wp:attachment":[{"href":"https:\/\/poerava-martigues.fr\/index.php?rest_route=%2Fwp%2Fv2%2Fmedia&parent=62"}],"curies":[{"name":"wp","href":"https:\/\/api.w.org\/{rel}","templated":true}]}}